{"id":5,"date":"2023-05-31T18:40:56","date_gmt":"2023-05-31T16:40:56","guid":{"rendered":"https:\/\/www.e-nov.dev\/ai\/?page_id=5"},"modified":"2023-06-01T05:50:33","modified_gmt":"2023-06-01T03:50:33","slug":"essai","status":"publish","type":"page","link":"https:\/\/www.e-nov.dev\/ai\/index.php\/essai\/","title":{"rendered":"Essai"},"content":{"rendered":"\n<p><\/p>\n\n\n\n\r\n<!DOCTYPE html>\r\n<html>\r\n<head>\r\n    <title>Test Base de donn\u00e9es<\/title>\r\n    <style>\r\n        table {\r\n            border-collapse: collapse;\r\n        }\r\n\r\n        th, td {\r\n            border: 1px solid black;\r\n            padding: 5px;\r\n        }\r\n    <\/style>\r\n<\/head>\r\n<body>\r\n    <h1>Participants<\/h1>\r\n[likebtn theme=\"disk\" lang=\"fr\" dislike_enabled=\"0\" show_like_label=\"0\" bp_notify=\"0\"]\r\n\r\n  \/\/ Affichez le r\u00e9sultat g\u00e9n\u00e9r\u00e9 par le shortcode\r\n  echo $shortcode_result;\r\n}\r\n    <!-- Formulaire d'ajout -->\r\n    <h2>Ajouter un participant<\/h2>\r\n    <form method=\"post\" action=\"\">\r\n        <input type=\"hidden\" name=\"action\" value=\"add\">\r\n        <label for=\"first_name\">Pr\u00e9nom:<\/label>\r\n        <input type=\"text\" name=\"first_name\" required><br>\r\n        <label for=\"age\">\u00c2ge:<\/label>\r\n        <input type=\"text\" name=\"age\" required><br>\r\n        <label for=\"profession\">Profession:<\/label>\r\n        <input type=\"text\" name=\"profession\" required><br>\r\n        <label for=\"passions\">Passions:<\/label>\r\n        <input type=\"text\" name=\"passions\" required><br>\r\n        <label for=\"city\">Ville:<\/label>\r\n        <input type=\"text\" name=\"city\" required><br>\r\n        <input type=\"submit\" value=\"Ajouter\">\r\n    <\/form>\r\n\r\n    <!-- Tableau des participants -->\r\n    <h2>Liste des participants<\/h2>\r\n    <table>\r\n        <tr>\r\n            <th>ID<\/th>\r\n            <th>Pr\u00e9nom<\/th>\r\n            <th>\u00c2ge<\/th>\r\n            <th>Profession<\/th>\r\n            <th>Passions<\/th>\r\n            <th>Ville<\/th>\r\n            <th>Action<\/th>\r\n        <\/tr>\r\n        <tr><td style='border: 1px solid black; padding: 5px;'>1<\/td><td style='border: 1px solid black; padding: 5px;'>Fabrice\u00e9 ?ggg<\/td><td style='border: 1px solid black; padding: 5px;'>36<\/td><td style='border: 1px solid black; padding: 5px;'>avocat, danseur<\/td><td style='border: 1px solid black; padding: 5px;'>a:1:{i:0;s:3:<\/td><td style='border: 1px solid black; padding: 5px;'>Saint Maur des Foss\u00e9q<\/td><td style='border: 1px solid black; padding: 5px;'><a href='testbase.php?id=1&action=edit'>Modifier<\/a><\/td><\/tr><tr><td style='border: 1px solid black; padding: 5px;'>3<\/td><td style='border: 1px solid black; padding: 5px;'>nadine<\/td><td style='border: 1px solid black; padding: 5px;'>zea<\/td><td style='border: 1px solid black; padding: 5px;'>22222 directeur g\u00e9n\u00e9ral dans une PME sp\u00e9cialis\u00e9e dans le marketin digital<\/td><td style='border: 1px solid black; padding: 5px;'>3456789guitare23<\/td><td style='border: 1px solid black; padding: 5px;'>lourde792<\/td><td style='border: 1px solid black; padding: 5px;'><a href='testbase.php?id=3&action=edit'>Modifier<\/a><\/td><\/tr><tr><td style='border: 1px solid black; padding: 5px;'>4<\/td><td style='border: 1px solid black; padding: 5px;'>Benjamin36<\/td><td style='border: 1px solid black; padding: 5px;'>18<\/td><td style='border: 1px solid black; padding: 5px;'>\u00c3\u00a9tudiant <\/td><td style='border: 1px solid black; padding: 5px;'>foot, lecture<\/td><td style='border: 1px solid black; padding: 5px;'>LaVarenne<\/td><td style='border: 1px solid black; padding: 5px;'><a href='testbase.php?id=4&action=edit'>Modifier<\/a><\/td><\/tr><tr><td style='border: 1px solid black; padding: 5px;'>6<\/td><td style='border: 1px solid black; padding: 5px;'>anna<\/td><td style='border: 1px solid black; padding: 5px;'><\/td><td style='border: 1px solid black; padding: 5px;'><\/td><td style='border: 1px solid black; padding: 5px;'><\/td><td style='border: 1px solid black; padding: 5px;'><\/td><td style='border: 1px solid black; padding: 5px;'><a href='testbase.php?id=6&action=edit'>Modifier<\/a><\/td><\/tr><tr><td style='border: 1px solid black; padding: 5px;'>9<\/td><td style='border: 1px solid black; padding: 5px;'>paul<\/td><td style='border: 1px solid black; padding: 5px;'>36<\/td><td style='border: 1px solid black; padding: 5px;'>banquier2<\/td><td style='border: 1px solid black; padding: 5px;'>foot, lecture<\/td><td style='border: 1px solid black; padding: 5px;'>Rouen<\/td><td style='border: 1px solid black; padding: 5px;'><a href='testbase.php?id=9&action=edit'>Modifier<\/a><\/td><\/tr><tr><td style='border: 1px solid black; padding: 5px;'>10<\/td><td style='border: 1px solid black; padding: 5px;'>jean<\/td><td style='border: 1px solid black; padding: 5px;'>53<\/td><td style='border: 1px solid black; padding: 5px;'>avocat<\/td><td style='border: 1px solid black; padding: 5px;'>Th\u00c3\u00a9atre, Musique<\/td><td style='border: 1px solid black; padding: 5px;'>Marseille <\/td><td style='border: 1px solid black; padding: 5px;'><a href='testbase.php?id=10&action=edit'>Modifier<\/a><\/td><\/tr><tr><td style='border: 1px solid black; padding: 5px;'>14<\/td><td style='border: 1px solid black; padding: 5px;'>tzre<\/td><td style='border: 1px solid black; padding: 5px;'>zrzrz<\/td><td style='border: 1px solid black; padding: 5px;'>rzzrz<\/td><td style='border: 1px solid black; padding: 5px;'>rzrzr<\/td><td style='border: 1px solid black; padding: 5px;'>zrzr<\/td><td style='border: 1px solid black; padding: 5px;'><a href='testbase.php?id=14&action=edit'>Modifier<\/a><\/td><\/tr><tr><td style='border: 1px solid black; padding: 5px;'>15<\/td><td style='border: 1px solid black; padding: 5px;'>tzredsfsfs<\/td><td style='border: 1px solid black; padding: 5px;'>zrzrz<\/td><td style='border: 1px solid black; padding: 5px;'>rzzrz<\/td><td style='border: 1px solid black; padding: 5px;'>rzrzr<\/td><td style='border: 1px solid black; padding: 5px;'>zrzr<\/td><td style='border: 1px solid black; padding: 5px;'><a href='testbase.php?id=15&action=edit'>Modifier<\/a><\/td><\/tr><tr><td style='border: 1px solid black; padding: 5px;'>16<\/td><td style='border: 1px solid black; padding: 5px;'>a<\/td><td style='border: 1px solid black; padding: 5px;'>a<\/td><td style='border: 1px solid black; padding: 5px;'>a<\/td><td style='border: 1px solid black; padding: 5px;'>a<\/td><td style='border: 1px solid black; padding: 5px;'>a<\/td><td style='border: 1px solid black; padding: 5px;'><a href='testbase.php?id=16&action=edit'>Modifier<\/a><\/td><\/tr><tr><td style='border: 1px solid black; padding: 5px;'>17<\/td><td style='border: 1px solid black; padding: 5px;'>Robert<\/td><td style='border: 1px solid black; padding: 5px;'>62 ans<\/td><td style='border: 1px solid black; padding: 5px;'>Couvreur<\/td><td style='border: 1px solid black; padding: 5px;'>Danse, th\u00e9\u00e2tre <\/td><td style='border: 1px solid black; padding: 5px;'>Paris<\/td><td style='border: 1px solid black; padding: 5px;'><a href='testbase.php?id=17&action=edit'>Modifier<\/a><\/td><\/tr><tr><td style='border: 1px solid black; padding: 5px;'>18<\/td><td style='border: 1px solid black; padding: 5px;'>ea<\/td><td style='border: 1px solid black; padding: 5px;'>aeaeae<\/td><td style='border: 1px solid black; padding: 5px;'>eaeae<\/td><td style='border: 1px solid black; padding: 5px;'>aeae<\/td><td style='border: 1px solid black; padding: 5px;'>eaea<\/td><td style='border: 1px solid black; padding: 5px;'><a href='testbase.php?id=18&action=edit'>Modifier<\/a><\/td><\/tr><tr><td style='border: 1px solid black; padding: 5px;'>19<\/td><td style='border: 1px solid black; padding: 5px;'>x<\/td><td style='border: 1px solid black; padding: 5px;'>sd<\/td><td style='border: 1px solid black; padding: 5px;'>adad<\/td><td style='border: 1px solid black; padding: 5px;'>adadad<\/td><td style='border: 1px solid black; padding: 5px;'>adad<\/td><td style='border: 1px solid black; padding: 5px;'><a href='testbase.php?id=19&action=edit'>Modifier<\/a><\/td><\/tr><tr><td style='border: 1px solid black; padding: 5px;'>20<\/td><td style='border: 1px solid black; padding: 5px;'>\u00e9\u00e9\u00e9\u00e8\u00e8\u00e8<\/td><td style='border: 1px solid black; padding: 5px;'>\u00e9\u00e9\u00e9\u00e8\u00e8\u00e8<\/td><td style='border: 1px solid black; padding: 5px;'>\u00e9\u00e9\u00e9\u00e8\u00e8\u00e8<\/td><td style='border: 1px solid black; padding: 5px;'>\u00e9\u00e9\u00e9\u00e8\u00e8\u00e8<\/td><td style='border: 1px solid black; padding: 5px;'>\u00e9\u00e9\u00e9\u00e8\u00e8\u00e8<\/td><td style='border: 1px solid black; padding: 5px;'><a href='testbase.php?id=20&action=edit'>Modifier<\/a><\/td><\/tr><tr><td style='border: 1px solid black; padding: 5px;'>21<\/td><td style='border: 1px solid black; padding: 5px;'>Alice<\/td><td style='border: 1px solid black; padding: 5px;'><\/td><td style='border: 1px solid black; padding: 5px;'><\/td><td style='border: 1px solid black; padding: 5px;'><\/td><td style='border: 1px solid black; padding: 5px;'><\/td><td style='border: 1px solid black; padding: 5px;'><a href='testbase.php?id=21&action=edit'>Modifier<\/a><\/td><\/tr><tr><td style='border: 1px solid black; padding: 5px;'>22<\/td><td style='border: 1px solid black; padding: 5px;'>vyyiowuzxo<\/td><td style='border: 1px solid black; padding: 5px;'><\/td><td style='border: 1px solid black; padding: 5px;'><\/td><td style='border: 1px solid black; padding: 5px;'><\/td><td style='border: 1px solid black; padding: 5px;'><\/td><td style='border: 1px solid black; padding: 5px;'><a href='testbase.php?id=22&action=edit'>Modifier<\/a><\/td><\/tr><tr><td style='border: 1px solid black; padding: 5px;'>23<\/td><td style='border: 1px solid black; padding: 5px;'>rveuutdheq<\/td><td style='border: 1px solid black; padding: 5px;'><\/td><td style='border: 1px solid black; padding: 5px;'><\/td><td style='border: 1px solid black; padding: 5px;'><\/td><td style='border: 1px solid black; padding: 5px;'><\/td><td style='border: 1px solid black; padding: 5px;'><a href='testbase.php?id=23&action=edit'>Modifier<\/a><\/td><\/tr><tr><td style='border: 1px solid black; padding: 5px;'>24<\/td><td style='border: 1px solid black; padding: 5px;'>znxmdpsnrf<\/td><td style='border: 1px solid black; padding: 5px;'><\/td><td style='border: 1px solid black; padding: 5px;'><\/td><td style='border: 1px solid black; padding: 5px;'><\/td><td style='border: 1px solid black; padding: 5px;'><\/td><td style='border: 1px solid black; padding: 5px;'><a href='testbase.php?id=24&action=edit'>Modifier<\/a><\/td><\/tr><tr><td style='border: 1px solid black; padding: 5px;'>25<\/td><td style='border: 1px solid black; padding: 5px;'>txngliwfss<\/td><td style='border: 1px solid black; padding: 5px;'><\/td><td style='border: 1px solid black; padding: 5px;'><\/td><td style='border: 1px solid black; padding: 5px;'><\/td><td style='border: 1px solid black; padding: 5px;'><\/td><td style='border: 1px solid black; padding: 5px;'><a href='testbase.php?id=25&action=edit'>Modifier<\/a><\/td><\/tr><tr><td style='border: 1px solid black; padding: 5px;'>26<\/td><td style='border: 1px solid black; padding: 5px;'>fenjzjuetf<\/td><td style='border: 1px solid black; padding: 5px;'><\/td><td style='border: 1px solid black; padding: 5px;'><\/td><td style='border: 1px solid black; padding: 5px;'><\/td><td style='border: 1px solid black; padding: 5px;'><\/td><td style='border: 1px solid black; padding: 5px;'><a href='testbase.php?id=26&action=edit'>Modifier<\/a><\/td><\/tr><tr><td style='border: 1px solid black; padding: 5px;'>27<\/td><td style='border: 1px solid black; padding: 5px;'>geukirhhtz<\/td><td style='border: 1px solid black; padding: 5px;'><\/td><td style='border: 1px solid black; padding: 5px;'><\/td><td style='border: 1px solid black; padding: 5px;'><\/td><td style='border: 1px solid black; padding: 5px;'><\/td><td style='border: 1px solid black; padding: 5px;'><a href='testbase.php?id=27&action=edit'>Modifier<\/a><\/td><\/tr><tr><td style='border: 1px solid black; padding: 5px;'>28<\/td><td style='border: 1px solid black; padding: 5px;'>uviqjefkgu<\/td><td style='border: 1px solid black; padding: 5px;'><\/td><td style='border: 1px solid black; padding: 5px;'><\/td><td style='border: 1px solid black; padding: 5px;'><\/td><td style='border: 1px solid black; padding: 5px;'><\/td><td style='border: 1px solid black; padding: 5px;'><a href='testbase.php?id=28&action=edit'>Modifier<\/a><\/td><\/tr>    <\/table>\r\n\r\n    \r\n\r\n\r\n<style>\r\n    .chat-container {\r\n        background-color: #F5F5F5;\r\n        border: 1px solid #CCC;\r\n        border-radius: 5px;\r\n        padding: 10px;\r\n        font-family: Arial, sans-serif;\r\n    }\r\n    .chat-bubble {\r\n        background-color: #FFF;\r\n        border-radius: 5px;\r\n        padding: 8px;\r\n        margin-bottom: 10px;\r\n    }\r\n    .user-message {\r\n        background-color: #D3F7FF;\r\n    }\r\n    .assistant-message {\r\n        background-color: #F2F2F2;\r\n    }\r\n<\/style>\r\n\r\n<h3>Texte \u00e0 afficher en bas :<\/h3>\r\n<p id=\"bottomText\" style=\"white-space: pre-line;\"><\/p>\r\n\r\n<button onclick=\"copyText()\">Copier le texte<\/button>\r\n\r\n<script>\r\n    var textToType = \"Je m'appelle hhnadine.\\nJ'ai zea ans.\\nJ'ai un fils de 18 ans qui est en 1\u00e8re ann\u00e9e de droit.\\nJe vis avec mon fils mais il est d\u00e9j\u00e0 tr\u00e8s autonome.\\nJe suis 22222 directeur g\u00e9n\u00e9ral dans une PME sp\u00e9cialis\u00e9e dans le marketin digital.\\nJ'habite lourde792.\\nJ'adore 3456789guitare23.\\nJ'ai \u00e9t\u00e9 mari\u00e9 22 ans et depuis ma s\u00e9paration j'ai eu deux longues relations.\\nJe suis quelqu'un de fiable, romantique et sentimental.\";\r\n\r\n    var textElement = document.getElementById(\"bottomText\");\r\n    var index = 0;\r\n    var speed = 12; \/\/ Vitesse de frappe en millisecondes\r\n\r\n    function typeText() {\r\n        if (index < textToType.length) {\r\n            textElement.innerHTML += textToType.charAt(index);\r\n            index++;\r\n            setTimeout(typeText, speed);\r\n        }\r\n    }\r\n\r\n    typeText();\r\n\r\n    function copyText() {\r\n        var textToCopy = textToType.replace(\/\\n\/g, \"\\r\\n\");\r\n        navigator.clipboard.writeText(textToCopy)\r\n            .then(function () {\r\n                alert(\"Le texte a \u00e9t\u00e9 copi\u00e9 dans le presse-papiers !\");\r\n            })\r\n            .catch(function (error) {\r\n                console.error(\"Une erreur s'est produite lors de la copie du texte :\", error);\r\n            });\r\n    }\r\n<\/script>\r\n\r\n\r\n\r\n\r\n    \r\n<\/body>\r\n<\/html>\n<div class=\"likebtn_container\" style=\"\"><!-- LikeBtn.com BEGIN --><span class=\"likebtn-wrapper\"  data-identifier=\"page_5\"  data-site_id=\"647808276fd08bca7aea6638\"  data-lang=\"fr\"  data-style=\"\"  data-unlike_allowed=\"\"  data-show_copyright=\"\"  data-item_url=\"https:\/\/www.e-nov.dev\/ai\/index.php\/essai\/\"  data-item_title=\"Essai\"  data-item_date=\"2023-05-31T18:40:56+02:00\"  data-engine=\"WordPress\"  data-plugin_v=\"2.6.48\"  data-prx=\"https:\/\/www.e-nov.dev\/ai\/wp-admin\/admin-ajax.php?action=likebtn_prx\"  data-event_handler=\"likebtn_eh\" ><\/span><!-- LikeBtn.com END --><\/div>","protected":false},"excerpt":{"rendered":"<div class=\"likebtn_container\" style=\"\"><!-- LikeBtn.com BEGIN --><span class=\"likebtn-wrapper\"  data-identifier=\"page_5\"  data-site_id=\"647808276fd08bca7aea6638\"  data-lang=\"fr\"  data-style=\"\"  data-unlike_allowed=\"\"  data-show_copyright=\"\"  data-item_url=\"https:\/\/www.e-nov.dev\/ai\/index.php\/essai\/\"  data-item_title=\"Essai\"  data-item_date=\"2023-05-31T18:40:56+02:00\"  data-engine=\"WordPress\"  data-plugin_v=\"2.6.48\"  data-prx=\"https:\/\/www.e-nov.dev\/ai\/wp-admin\/admin-ajax.php?action=likebtn_prx\"  data-event_handler=\"likebtn_eh\" ><\/span><!-- LikeBtn.com END --><\/div>","protected":false},"author":1,"featured_media":0,"parent":0,"menu_order":0,"comment_status":"closed","ping_status":"closed","template":"","meta":{"footnotes":""},"class_list":["post-5","page","type-page","status-publish","hentry"],"_links":{"self":[{"href":"https:\/\/www.e-nov.dev\/ai\/index.php\/wp-json\/wp\/v2\/pages\/5","targetHints":{"allow":["GET"]}}],"collection":[{"href":"https:\/\/www.e-nov.dev\/ai\/index.php\/wp-json\/wp\/v2\/pages"}],"about":[{"href":"https:\/\/www.e-nov.dev\/ai\/index.php\/wp-json\/wp\/v2\/types\/page"}],"author":[{"embeddable":true,"href":"https:\/\/www.e-nov.dev\/ai\/index.php\/wp-json\/wp\/v2\/users\/1"}],"replies":[{"embeddable":true,"href":"https:\/\/www.e-nov.dev\/ai\/index.php\/wp-json\/wp\/v2\/comments?post=5"}],"version-history":[{"count":16,"href":"https:\/\/www.e-nov.dev\/ai\/index.php\/wp-json\/wp\/v2\/pages\/5\/revisions"}],"predecessor-version":[{"id":35,"href":"https:\/\/www.e-nov.dev\/ai\/index.php\/wp-json\/wp\/v2\/pages\/5\/revisions\/35"}],"wp:attachment":[{"href":"https:\/\/www.e-nov.dev\/ai\/index.php\/wp-json\/wp\/v2\/media?parent=5"}],"curies":[{"name":"wp","href":"https:\/\/api.w.org\/{rel}","templated":true}]}}